{"id":97,"date":"2021-03-23T22:25:17","date_gmt":"2021-03-23T22:25:17","guid":{"rendered":"https:\/\/senstv.net\/?page_id=97"},"modified":"2022-10-30T00:13:20","modified_gmt":"2022-10-30T00:13:20","slug":"divertissement","status":"publish","type":"page","link":"https:\/\/senstv.net\/?page_id=97","title":{"rendered":"Divertissement"},"content":{"rendered":"\n<div class=\"wp-block-columns is-layout-flex wp-container-core-columns-is-layout-9d6595d7 wp-block-columns-is-layout-flex\">\n<div class=\"wp-block-column is-layout-flow wp-block-column-is-layout-flow\"><div style=\"position:relative;padding-bottom:56.25%;height:0;overflow:hidden;\"> <iframe loading=\"lazy\" style=\"width:100%;height:100%;position:absolute;left:0px;top:0px;overflow:hidden\" frameborder=\"0\" type=\"text\/html\" src=\"https:\/\/www.dailymotion.com\/embed\/video\/x8f1fvr\" width=\"100%\" height=\"100%\" allowfullscreen > <\/iframe> <\/div>\n\n\n\n<h5 class=\"has-text-align-center wp-block-heading\">RCSA-OM : apr\u00e8s le nul face \u00e0 Strasbourg, Tudor ne comprend pas&#8230;<\/h5>\n<\/div>\n\n\n\n<div class=\"wp-block-column is-layout-flow wp-block-column-is-layout-flow\"><div style=\"position:relative;padding-bottom:56.25%;height:0;overflow:hidden;\"> <iframe loading=\"lazy\" style=\"width:100%;height:100%;position:absolute;left:0px;top:0px;overflow:hidden\" frameborder=\"0\" type=\"text\/html\" src=\"https:\/\/www.dailymotion.com\/embed\/video\/x8ewlwh\" width=\"100%\" height=\"100%\" allowfullscreen > <\/iframe> <\/div>\n\n\n\n<h5 class=\"has-text-align-center wp-block-heading\"> Francfort-OM : Tudor s&rsquo;est exprim\u00e9 sur les joueurs qui jouent peu (Gerson)<\/h5>\n<\/div>\n<\/div>\n\n\n\n<div class=\"wp-block-columns is-layout-flex wp-container-core-columns-is-layout-9d6595d7 wp-block-columns-is-layout-flex\">\n<div class=\"wp-block-column is-layout-flow wp-block-column-is-layout-flow\"><\/div>\n\n\n\n<div class=\"wp-block-column is-layout-flow wp-block-column-is-layout-flow\"><\/div>\n<\/div>\n\n\n\n<div class=\"wp-block-columns is-layout-flex wp-container-core-columns-is-layout-9d6595d7 wp-block-columns-is-layout-flex\">\n<div class=\"wp-block-column is-layout-flow wp-block-column-is-layout-flow\"><\/div>\n<\/div>\n\n\n\n<div class=\"wp-block-columns is-layout-flex wp-container-core-columns-is-layout-9d6595d7 wp-block-columns-is-layout-flex\">\n<div class=\"wp-block-column is-layout-flow wp-block-column-is-layout-flow\"><\/div>\n\n\n\n<div class=\"wp-block-column is-layout-flow wp-block-column-is-layout-flow\"><\/div>\n<\/div>\n\n\n\n<div class=\"wp-block-columns is-layout-flex wp-container-core-columns-is-layout-9d6595d7 wp-block-columns-is-layout-flex\">\n<div class=\"wp-block-column is-layout-flow wp-block-column-is-layout-flow\"><\/div>\n\n\n\n<div class=\"wp-block-column is-layout-flow wp-block-column-is-layout-flow\"><\/div>\n<\/div>\n\n\n\n<div class=\"wp-block-columns is-layout-flex wp-container-core-columns-is-layout-9d6595d7 wp-block-columns-is-layout-flex\">\n<div class=\"wp-block-column is-layout-flow wp-block-column-is-layout-flow\"><\/div>\n<\/div>\n\n\n\n<div class=\"wp-block-columns is-layout-flex wp-container-core-columns-is-layout-9d6595d7 wp-block-columns-is-layout-flex\">\n<div class=\"wp-block-column is-layout-flow wp-block-column-is-layout-flow\"><\/div>\n\n\n\n<div class=\"wp-block-column is-layout-flow wp-block-column-is-layout-flow\"><\/div>\n<\/div>\n\n\n\n<div class=\"wp-block-columns is-layout-flex wp-container-core-columns-is-layout-9d6595d7 wp-block-columns-is-layout-flex\">\n<div class=\"wp-block-column is-layout-flow wp-block-column-is-layout-flow\"><\/div>\n\n\n\n<div class=\"wp-block-column is-layout-flow wp-block-column-is-layout-flow\">\n<figure class=\"wp-block-embed is-type-video is-provider-youtube wp-block-embed-youtube wp-embed-aspect-16-9 wp-has-aspect-ratio\"><div class=\"wp-block-embed__wrapper\">\n<iframe loading=\"lazy\" title=\"Mariage de  SONA et BABA  PARTIE 1\" width=\"640\" height=\"360\" src=\"https:\/\/www.youtube.com\/embed\/X9gvTUws0Ms?feature=oembed\" frameborder=\"0\" allow=\"accelerometer; autoplay; clipboard-write; encrypted-media; gyroscope; picture-in-picture; web-share\" referrerpolicy=\"strict-origin-when-cross-origin\" allowfullscreen><\/iframe>\n<\/div><\/figure>\n\n\n\n<h5 class=\"wp-block-heading\">Mariage de SONA et BABA PARTIE 1<\/h5>\n<\/div>\n<\/div>\n\n\n\n<div class=\"wp-block-columns is-layout-flex wp-container-core-columns-is-layout-9d6595d7 wp-block-columns-is-layout-flex\">\n<div class=\"wp-block-column is-layout-flow wp-block-column-is-layout-flow\">\n<figure class=\"wp-block-embed is-type-video is-provider-youtube wp-block-embed-youtube wp-embed-aspect-16-9 wp-has-aspect-ratio\"><div class=\"wp-block-embed__wrapper\">\n<iframe loading=\"lazy\" title=\"sabaar  savoir plus Keur Massar 2019\" width=\"640\" height=\"360\" src=\"https:\/\/www.youtube.com\/embed\/Y3BCA2yoL2w?feature=oembed\" frameborder=\"0\" allow=\"accelerometer; autoplay; clipboard-write; encrypted-media; gyroscope; picture-in-picture; web-share\" referrerpolicy=\"strict-origin-when-cross-origin\" allowfullscreen><\/iframe>\n<\/div><\/figure>\n\n\n\n<h5 class=\"wp-block-heading\">sabaar savoir plus Keur Massar 2019<\/h5>\n<\/div>\n\n\n\n<div class=\"wp-block-column is-layout-flow wp-block-column-is-layout-flow\">\n<figure class=\"wp-block-embed is-type-video is-provider-youtube wp-block-embed-youtube wp-embed-aspect-16-9 wp-has-aspect-ratio\"><div class=\"wp-block-embed__wrapper\">\n<iframe loading=\"lazy\" title=\"mariage de Awa Sane\" width=\"640\" height=\"360\" src=\"https:\/\/www.youtube.com\/embed\/z2vK7jjWPPI?feature=oembed\" frameborder=\"0\" allow=\"accelerometer; autoplay; clipboard-write; encrypted-media; gyroscope; picture-in-picture; web-share\" referrerpolicy=\"strict-origin-when-cross-origin\" allowfullscreen><\/iframe>\n<\/div><\/figure>\n\n\n\n<h5 class=\"wp-block-heading\">mariage de l&rsquo;ann\u00e9e  Awa Sane<\/h5>\n<\/div>\n<\/div>\n\n\n\n<div class=\"wp-block-columns is-layout-flex wp-container-core-columns-is-layout-9d6595d7 wp-block-columns-is-layout-flex\">\n<div class=\"wp-block-column is-layout-flow wp-block-column-is-layout-flow\"><\/div>\n\n\n\n<div class=\"wp-block-column is-layout-flow wp-block-column-is-layout-flow\"><\/div>\n<\/div>\n","protected":false},"excerpt":{"rendered":"<p>RCSA-OM : apr\u00e8s le nul face \u00e0 Strasbourg, Tudor ne comprend pas&#8230; Francfort-OM : Tudor s&rsquo;est exprim\u00e9 sur les joueurs qui jouent peu (Gerson) Mariage de SONA et BABA PARTIE 1 sabaar savoir plus Keur Massar 2019 mariage de l&rsquo;ann\u00e9e Awa Sane<\/p>\n","protected":false},"author":1,"featured_media":0,"parent":0,"menu_order":0,"comment_status":"closed","ping_status":"closed","template":"","meta":{"om_disable_all_campaigns":false,"_monsterinsights_skip_tracking":false,"_monsterinsights_sitenote_active":false,"_monsterinsights_sitenote_note":"","_monsterinsights_sitenote_category":0,"footnotes":""},"class_list":["post-97","page","type-page","status-publish","hentry"],"aioseo_notices":[],"_links":{"self":[{"href":"https:\/\/senstv.net\/index.php?rest_route=\/wp\/v2\/pages\/97","targetHints":{"allow":["GET"]}}],"collection":[{"href":"https:\/\/senstv.net\/index.php?rest_route=\/wp\/v2\/pages"}],"about":[{"href":"https:\/\/senstv.net\/index.php?rest_route=\/wp\/v2\/types\/page"}],"author":[{"embeddable":true,"href":"https:\/\/senstv.net\/index.php?rest_route=\/wp\/v2\/users\/1"}],"replies":[{"embeddable":true,"href":"https:\/\/senstv.net\/index.php?rest_route=%2Fwp%2Fv2%2Fcomments&post=97"}],"version-history":[{"count":38,"href":"https:\/\/senstv.net\/index.php?rest_route=\/wp\/v2\/pages\/97\/revisions"}],"predecessor-version":[{"id":1079,"href":"https:\/\/senstv.net\/index.php?rest_route=\/wp\/v2\/pages\/97\/revisions\/1079"}],"wp:attachment":[{"href":"https:\/\/senstv.net\/index.php?rest_route=%2Fwp%2Fv2%2Fmedia&parent=97"}],"curies":[{"name":"wp","href":"https:\/\/api.w.org\/{rel}","templated":true}]}}