{"id":96,"date":"2021-03-23T22:25:17","date_gmt":"2021-03-23T22:25:17","guid":{"rendered":"https:\/\/senstv.net\/?page_id=96"},"modified":"2022-11-18T07:18:26","modified_gmt":"2022-11-18T07:18:26","slug":"religion","status":"publish","type":"page","link":"https:\/\/senstv.net\/?page_id=96","title":{"rendered":"Religion"},"content":{"rendered":"\n<p><\/p>\n\n\n\n<div class=\"wp-block-columns is-layout-flex wp-container-core-columns-is-layout-9d6595d7 wp-block-columns-is-layout-flex\">\n<div class=\"wp-block-column is-layout-flow wp-block-column-is-layout-flow\">\n<figure class=\"wp-block-embed is-type-video is-provider-youtube wp-block-embed-youtube wp-embed-aspect-16-9 wp-has-aspect-ratio\"><div class=\"wp-block-embed__wrapper\">\n<iframe loading=\"lazy\" title=\"Kham sa diine N\u00b05 l&#039;importance du mois de ramadan et le mois qui pr\u00e9c\u00e8de le ramadan\" width=\"640\" height=\"360\" src=\"https:\/\/www.youtube.com\/embed\/yHYXpD05mRg?feature=oembed\" frameborder=\"0\" allow=\"accelerometer; autoplay; clipboard-write; encrypted-media; gyroscope; picture-in-picture; web-share\" referrerpolicy=\"strict-origin-when-cross-origin\" allowfullscreen><\/iframe>\n<\/div><\/figure>\n\n\n\n<p><strong>Kham sa diine N\u00b05 l&rsquo;importance du mois de ramadan et le mois qui pr\u00e9c\u00e8de le ramadan<\/strong><\/p>\n<\/div>\n\n\n\n<div class=\"wp-block-column is-layout-flow wp-block-column-is-layout-flow\"><div style=\"position:relative;padding-bottom:56.25%;height:0;overflow:hidden;\"> <iframe loading=\"lazy\" style=\"width:100%;height:100%;position:absolute;left:0px;top:0px;overflow:hidden\" frameborder=\"0\" type=\"text\/html\" src=\"https:\/\/www.dailymotion.com\/embed\/video\/x8f1pns\" width=\"100%\" height=\"100%\" allowfullscreen title=\"Dailymotion Video Player\" > <\/iframe> <\/div>\n\n\n\n<h6 class=\"wp-block-heading\">gamou watt goudi baye bou 2022<\/h6>\n<\/div>\n<\/div>\n\n\n\n<div class=\"wp-block-columns is-layout-flex wp-container-core-columns-is-layout-9d6595d7 wp-block-columns-is-layout-flex\">\n<div class=\"wp-block-column is-layout-flow wp-block-column-is-layout-flow\">\n<figure class=\"wp-block-embed is-type-video is-provider-youtube wp-block-embed-youtube wp-embed-aspect-16-9 wp-has-aspect-ratio\"><div class=\"wp-block-embed__wrapper\">\n<iframe loading=\"lazy\" title=\"khamm sa Diiner akk Oustaz Bamba Sy N\u00b03#3\" width=\"640\" height=\"360\" src=\"https:\/\/www.youtube.com\/embed\/fSeAKI6LWLc?feature=oembed\" frameborder=\"0\" allow=\"accelerometer; autoplay; clipboard-write; encrypted-media; gyroscope; picture-in-picture; web-share\" referrerpolicy=\"strict-origin-when-cross-origin\" allowfullscreen><\/iframe>\n<\/div><\/figure>\n\n\n\n<h5 class=\"wp-block-heading\">khamm sa Diiner akk Oustaz Bamba Sy N\u00b03#3<\/h5>\n<\/div>\n\n\n\n<div class=\"wp-block-column is-layout-flow wp-block-column-is-layout-flow\">\n<figure class=\"wp-block-embed is-type-video is-provider-youtube wp-block-embed-youtube wp-embed-aspect-16-9 wp-has-aspect-ratio\"><div class=\"wp-block-embed__wrapper\">\n<iframe loading=\"lazy\" title=\"KHAMM SA DIINE les 10 comportements qui conduisent \u00e0 l&#039;enfer Partie1#1\" width=\"640\" height=\"360\" src=\"https:\/\/www.youtube.com\/embed\/VN1y5qd-GRc?feature=oembed\" frameborder=\"0\" allow=\"accelerometer; autoplay; clipboard-write; encrypted-media; gyroscope; picture-in-picture; web-share\" referrerpolicy=\"strict-origin-when-cross-origin\" allowfullscreen><\/iframe>\n<\/div><\/figure>\n\n\n\n<h5 class=\"wp-block-heading\">KHAMM SA DIINE les 10 comportements qui conduisent \u00e0 l&rsquo;enfer Partie1#1<\/h5>\n<\/div>\n<\/div>\n\n\n\n<div class=\"wp-block-columns is-layout-flex wp-container-core-columns-is-layout-9d6595d7 wp-block-columns-is-layout-flex\">\n<div class=\"wp-block-column is-layout-flow wp-block-column-is-layout-flow\">\n<figure class=\"wp-block-embed is-type-video is-provider-youtube wp-block-embed-youtube wp-embed-aspect-16-9 wp-has-aspect-ratio\"><div class=\"wp-block-embed__wrapper\">\n<iframe loading=\"lazy\" title=\"GAMOU WATT Int\u00e9gral 2020 partie 3#3\" width=\"640\" height=\"360\" src=\"https:\/\/www.youtube.com\/embed\/uLWSTfbSmC0?feature=oembed\" frameborder=\"0\" allow=\"accelerometer; autoplay; clipboard-write; encrypted-media; gyroscope; picture-in-picture; web-share\" referrerpolicy=\"strict-origin-when-cross-origin\" allowfullscreen><\/iframe>\n<\/div><\/figure>\n\n\n\n<h5 class=\"wp-block-heading\">GAMOU WATT Int\u00e9gral 2020 partie 3#3<\/h5>\n<\/div>\n\n\n\n<div class=\"wp-block-column is-layout-flow wp-block-column-is-layout-flow\">\n<figure class=\"wp-block-embed is-type-video is-provider-youtube wp-block-embed-youtube wp-embed-aspect-16-9 wp-has-aspect-ratio\"><div class=\"wp-block-embed__wrapper\">\n<iframe loading=\"lazy\" title=\"GAMOU WATT Int\u00e9gral 2020 partie 2#2\" width=\"640\" height=\"360\" src=\"https:\/\/www.youtube.com\/embed\/tSR-Ig0cDEw?feature=oembed\" frameborder=\"0\" allow=\"accelerometer; autoplay; clipboard-write; encrypted-media; gyroscope; picture-in-picture; web-share\" referrerpolicy=\"strict-origin-when-cross-origin\" allowfullscreen><\/iframe>\n<\/div><\/figure>\n\n\n\n<h5 class=\"wp-block-heading\">GAMOU WATT Int\u00e9gral 2020 partie 2#2<\/h5>\n<\/div>\n<\/div>\n\n\n\n<div class=\"wp-block-columns is-layout-flex wp-container-core-columns-is-layout-9d6595d7 wp-block-columns-is-layout-flex\">\n<div class=\"wp-block-column is-layout-flow wp-block-column-is-layout-flow\">\n<figure class=\"wp-block-embed is-type-video is-provider-youtube wp-block-embed-youtube wp-embed-aspect-16-9 wp-has-aspect-ratio\"><div class=\"wp-block-embed__wrapper\">\nhttps:\/\/www.youtube.com\/watch?v=rTMRn3edH78\n<\/div><\/figure>\n\n\n\n<h5 class=\"wp-block-heading\">le saint coran  en Fran\u00e7ais&nbsp;<\/h5>\n<\/div>\n\n\n\n<div class=\"wp-block-column is-layout-flow wp-block-column-is-layout-flow\">\n<figure class=\"wp-block-embed is-type-video is-provider-youtube wp-block-embed-youtube wp-embed-aspect-16-9 wp-has-aspect-ratio\"><div class=\"wp-block-embed__wrapper\">\n<iframe loading=\"lazy\" title=\"SUNU DAARA N\u00b01 AVEC ALIOU KHOUMA THIAM\" width=\"640\" height=\"360\" src=\"https:\/\/www.youtube.com\/embed\/eSiTMEDMQRY?start=2237&#038;feature=oembed\" frameborder=\"0\" allow=\"accelerometer; autoplay; clipboard-write; encrypted-media; gyroscope; picture-in-picture; web-share\" referrerpolicy=\"strict-origin-when-cross-origin\" allowfullscreen><\/iframe>\n<\/div><\/figure>\n\n\n\n<h5 class=\"wp-block-heading\">SUNU DAARA N\u00b01 AVEC ALIOU KHOUMA THIAM<\/h5>\n<\/div>\n<\/div>\n","protected":false},"excerpt":{"rendered":"<p>Kham sa diine N\u00b05 l&rsquo;importance du mois de ramadan et le mois qui pr\u00e9c\u00e8de le ramadan gamou watt goudi baye bou 2022 khamm sa Diiner akk Oustaz Bamba Sy N\u00b03#3 KHAMM SA DIINE les 10 comportements qui conduisent \u00e0 l&rsquo;enfer Partie1#1 GAMOU WATT Int\u00e9gral 2020 partie 3#3 GAMOU WATT Int\u00e9gral 2020 partie 2#2 le saint [&hellip;]<\/p>\n","protected":false},"author":1,"featured_media":0,"parent":0,"menu_order":0,"comment_status":"closed","ping_status":"closed","template":"","meta":{"om_disable_all_campaigns":false,"_monsterinsights_skip_tracking":false,"_monsterinsights_sitenote_active":false,"_monsterinsights_sitenote_note":"","_monsterinsights_sitenote_category":0,"footnotes":""},"class_list":["post-96","page","type-page","status-publish","hentry"],"aioseo_notices":[],"_links":{"self":[{"href":"https:\/\/senstv.net\/index.php?rest_route=\/wp\/v2\/pages\/96","targetHints":{"allow":["GET"]}}],"collection":[{"href":"https:\/\/senstv.net\/index.php?rest_route=\/wp\/v2\/pages"}],"about":[{"href":"https:\/\/senstv.net\/index.php?rest_route=\/wp\/v2\/types\/page"}],"author":[{"embeddable":true,"href":"https:\/\/senstv.net\/index.php?rest_route=\/wp\/v2\/users\/1"}],"replies":[{"embeddable":true,"href":"https:\/\/senstv.net\/index.php?rest_route=%2Fwp%2Fv2%2Fcomments&post=96"}],"version-history":[{"count":23,"href":"https:\/\/senstv.net\/index.php?rest_route=\/wp\/v2\/pages\/96\/revisions"}],"predecessor-version":[{"id":1089,"href":"https:\/\/senstv.net\/index.php?rest_route=\/wp\/v2\/pages\/96\/revisions\/1089"}],"wp:attachment":[{"href":"https:\/\/senstv.net\/index.php?rest_route=%2Fwp%2Fv2%2Fmedia&parent=96"}],"curies":[{"name":"wp","href":"https:\/\/api.w.org\/{rel}","templated":true}]}}